{"id":156,"date":"2025-10-09T20:19:04","date_gmt":"2025-10-09T20:19:04","guid":{"rendered":"https:\/\/desarrollo.redfortalece.cl\/?page_id=156"},"modified":"2025-11-06T12:50:38","modified_gmt":"2025-11-06T12:50:38","slug":"herramientas-de-la-red","status":"publish","type":"page","link":"https:\/\/redfortalece.cl\/index.php\/acerca-de\/herramientas-de-la-red\/","title":{"rendered":"Herramientas de la Red"},"content":{"rendered":"\n<main class=\"wp-block-group alignfull site-content is-layout-flow wp-block-group-is-layout-flow\" id=\"header\" style=\"margin-top:0\">\n<div class=\"wp-block-group alignfull has-background has-global-padding is-layout-constrained wp-block-group-is-layout-constrained\" style=\"background-color:#e5e9ec;padding-top:var(--wp--preset--spacing--small);padding-bottom:var(--wp--preset--spacing--small)\">\n<div class=\"wp-block-columns is-layout-flex wp-container-core-columns-is-layout-7db7aa3e wp-block-columns-is-layout-flex\" style=\"padding-right:0;padding-left:0\">\n<div class=\"wp-block-column is-vertically-aligned-center is-layout-flow wp-block-column-is-layout-flow\">\n<h2 class=\"wp-block-heading has-medium-font-size\" style=\"text-transform:uppercase\">La importancia de fortalecer tu organizaci\u00f3n<\/h2>\n\n\n\n<p>Fortalecer una organizaci\u00f3n social es fundamental para asegurar su sostenibilidad, aumentar su impacto y generar confianza en su entorno.<br>Una instituci\u00f3n s\u00f3lida no solo gestiona mejor sus recursos y proyectos, sino que tambi\u00e9n se adapta con mayor facilidad a los cambios del contexto social, econ\u00f3mico y pol\u00edtico.<\/p>\n\n\n\n<p>Invertir en capacidades organizacionales \u2014como la planificaci\u00f3n estrat\u00e9gica, la gesti\u00f3n financiera, la transparencia y el liderazgo\u2014 permite avanzar con claridad hacia la misi\u00f3n institucional y ofrecer respuestas m\u00e1s efectivas a las necesidades de las comunidades que se acompa\u00f1an.<\/p>\n\n\n\n<p>Fortalecerse no es un lujo: es una condici\u00f3n esencial para transformar la realidad de manera sostenible.<\/p>\n\n\n\n<p><strong>Conoce y accede a las herramientas de fortalecimiento que ofrecen las organizaciones de la&nbsp;Red&nbsp;Fortalece.<\/strong><\/p>\n<\/div>\n\n\n\n<div class=\"wp-block-column is-layout-flow wp-block-column-is-layout-flow\">\n<div style=\"height:13px\" aria-hidden=\"true\" class=\"wp-block-spacer\"><\/div>\n\n\n\n<figure class=\"wp-block-image aligncenter size-full is-resized\"><img loading=\"lazy\" decoding=\"async\" width=\"612\" height=\"593\" src=\"https:\/\/desarrollo.redfortalece.cl\/wp-content\/uploads\/2025\/10\/Diseno-sin-titulo-27.png\" alt=\"\" class=\"wp-image-182\" style=\"width:412px;height:auto\" srcset=\"https:\/\/redfortalece.cl\/wp-content\/uploads\/2025\/10\/Diseno-sin-titulo-27.png 612w, https:\/\/redfortalece.cl\/wp-content\/uploads\/2025\/10\/Diseno-sin-titulo-27-300x291.png 300w\" sizes=\"auto, (max-width: 612px) 100vw, 612px\" \/><\/figure>\n<\/div>\n<\/div>\n<\/div>\n<\/main>\n\n\n\n<div id=\"services\" class=\"wp-block-group pattern_multiple_covers has-global-padding is-layout-constrained wp-block-group-is-layout-constrained\">\n<h2 class=\"wp-block-heading has-text-align-left has-large-font-size\">Herramientas de Fortalecimiento de la Red<\/h2>\n\n\n\n<div style=\"height:46px\" aria-hidden=\"true\" class=\"wp-block-spacer\"><\/div>\n\n\n\n<div class=\"wp-block-columns is-layout-flex wp-container-core-columns-is-layout-28f84493 wp-block-columns-is-layout-flex\">\n<div class=\"wp-block-column is-layout-flow wp-block-column-is-layout-flow\" style=\"padding-top:0;padding-right:0;padding-bottom:0;padding-left:0\">\n<div class=\"wp-block-cover has-custom-content-position is-position-bottom-left\" style=\"padding-top:var(--wp--preset--spacing--small);padding-right:var(--wp--preset--spacing--x-small);padding-bottom:var(--wp--preset--spacing--small);padding-left:var(--wp--preset--spacing--x-small)\"><img loading=\"lazy\" decoding=\"async\" width=\"400\" height=\"600\" class=\"wp-block-cover__image-background wp-image-176 size-full\" alt=\"\" src=\"https:\/\/desarrollo.redfortalece.cl\/wp-content\/uploads\/2025\/10\/Diseno-sin-titulo-23.png\" data-object-fit=\"cover\" srcset=\"https:\/\/redfortalece.cl\/wp-content\/uploads\/2025\/10\/Diseno-sin-titulo-23.png 400w, https:\/\/redfortalece.cl\/wp-content\/uploads\/2025\/10\/Diseno-sin-titulo-23-200x300.png 200w\" sizes=\"auto, (max-width: 400px) 100vw, 400px\" \/><span aria-hidden=\"true\" class=\"wp-block-cover__background has-primary-background-color has-background-dim-70 has-background-dim\"><\/span><div class=\"wp-block-cover__inner-container is-layout-flow wp-block-cover-is-layout-flow\">\n<h3 class=\"wp-block-heading has-white-color has-text-color has-medium-font-size\" style=\"margin-top:0;margin-right:0;margin-bottom:0;margin-left:0\">Cursos para Organizaciones Sociales<\/h3>\n\n\n\n<p>Cursos de temas de inter\u00e9s para el sector social<\/p>\n\n\n\n<p><strong>Sim\u00f3n de Cirene<\/strong><\/p>\n\n\n\n<p class=\"has-secondary-color has-text-color has-link-color wp-elements-2ee3bdba0a86d3df3433cf7318f2a6b2\" style=\"margin-top:0;margin-right:0;margin-bottom:0;margin-left:0\"><a href=\"https:\/\/simondecirene.cl\/cursos\/?proyecto=organizaciones-sociales&amp;subcategoria=&amp;modalidad=&amp;contenido=\">Ver soluci\u00f3n<\/a><\/p>\n<\/div><\/div>\n\n\n\n<div class=\"wp-block-cover has-custom-content-position is-position-bottom-left\" style=\"padding-top:var(--wp--preset--spacing--small);padding-right:var(--wp--preset--spacing--x-small);padding-bottom:var(--wp--preset--spacing--small);padding-left:var(--wp--preset--spacing--x-small)\"><img loading=\"lazy\" decoding=\"async\" width=\"400\" height=\"600\" class=\"wp-block-cover__image-background wp-image-175 size-full\" alt=\"\" src=\"https:\/\/desarrollo.redfortalece.cl\/wp-content\/uploads\/2025\/10\/Diseno-sin-titulo-26.png\" data-object-fit=\"cover\" srcset=\"https:\/\/redfortalece.cl\/wp-content\/uploads\/2025\/10\/Diseno-sin-titulo-26.png 400w, https:\/\/redfortalece.cl\/wp-content\/uploads\/2025\/10\/Diseno-sin-titulo-26-200x300.png 200w\" sizes=\"auto, (max-width: 400px) 100vw, 400px\" \/><span aria-hidden=\"true\" class=\"wp-block-cover__background has-primary-background-color has-background-dim-70 has-background-dim\"><\/span><div class=\"wp-block-cover__inner-container is-layout-flow wp-block-cover-is-layout-flow\">\n<h3 class=\"wp-block-heading has-white-color has-text-color has-medium-font-size\" style=\"margin-top:0;margin-right:0;margin-bottom:0;margin-left:0\">Programa FortalecidOS <\/h3>\n\n\n\n<p>Autodiagn\u00f3stico seguido de feedback, planificaci\u00f3n y voluntariado situado<\/p>\n\n\n\n<p><strong>Fundaci\u00f3n Trascender<\/strong><\/p>\n\n\n\n<p class=\"has-secondary-color has-text-color has-link-color wp-elements-1c1d830e8b0e5c0165a305fc2844dceb\" style=\"margin-top:0;margin-right:0;margin-bottom:0;margin-left:0\"><a href=\"https:\/\/fundaciontrascender.cl\/organizaciones-sociales\/\" data-type=\"link\" data-id=\"https:\/\/fundaciontrascender.cl\/organizaciones-sociales\/\">Ver soluci\u00f3n<\/a><\/p>\n<\/div><\/div>\n\n\n\n<div class=\"wp-block-cover has-custom-content-position is-position-bottom-left\" style=\"padding-top:var(--wp--preset--spacing--small);padding-right:var(--wp--preset--spacing--x-small);padding-bottom:var(--wp--preset--spacing--small);padding-left:var(--wp--preset--spacing--x-small)\"><img loading=\"lazy\" decoding=\"async\" width=\"400\" height=\"600\" class=\"wp-block-cover__image-background wp-image-174 size-full\" alt=\"\" src=\"https:\/\/desarrollo.redfortalece.cl\/wp-content\/uploads\/2025\/10\/Diseno-sin-titulo-25.png\" data-object-fit=\"cover\" srcset=\"https:\/\/redfortalece.cl\/wp-content\/uploads\/2025\/10\/Diseno-sin-titulo-25.png 400w, https:\/\/redfortalece.cl\/wp-content\/uploads\/2025\/10\/Diseno-sin-titulo-25-200x300.png 200w\" sizes=\"auto, (max-width: 400px) 100vw, 400px\" \/><span aria-hidden=\"true\" class=\"wp-block-cover__background has-primary-background-color has-background-dim-70 has-background-dim\"><\/span><div class=\"wp-block-cover__inner-container is-layout-flow wp-block-cover-is-layout-flow\">\n<h3 class=\"wp-block-heading has-white-color has-text-color has-medium-font-size\" style=\"margin-top:0;margin-right:0;margin-bottom:0;margin-left:0\">Mesas de pol\u00edticas <\/h3>\n\n\n\n<p>Mesas tem\u00e1ticas con el fin de realizar propuestas y observaciones a las pol\u00edticas p\u00fablicas en las diversas causas que abordan.<\/p>\n\n\n\n<p><strong>Comunidad Org. Solidarias<\/strong><\/p>\n\n\n\n<p class=\"has-secondary-color has-text-color has-link-color wp-elements-b1aa192cf5dd372c904f70a23a021cc3\" style=\"margin-top:0;margin-right:0;margin-bottom:0;margin-left:0\"><a href=\"https:\/\/form.typeform.com\/to\/lJlX0ELA\" data-type=\"link\" data-id=\"https:\/\/form.typeform.com\/to\/lJlX0ELA\">Ver <\/a><a href=\"https:\/\/comunidad-org.cl\/areas-de-trabajo\/#politicas-publicas\" data-type=\"link\" data-id=\"https:\/\/form.typeform.com\/to\/lJlX0ELA\">soluci\u00f3n<\/a><\/p>\n<\/div><\/div>\n<\/div>\n\n\n\n<div class=\"wp-block-column is-layout-flow wp-block-column-is-layout-flow\" style=\"padding-top:0;padding-right:0;padding-bottom:0;padding-left:0\">\n<div class=\"wp-block-cover has-custom-content-position is-position-bottom-left\" style=\"padding-top:var(--wp--preset--spacing--small);padding-right:var(--wp--preset--spacing--x-small);padding-bottom:var(--wp--preset--spacing--small);padding-left:var(--wp--preset--spacing--x-small)\"><img loading=\"lazy\" decoding=\"async\" width=\"400\" height=\"600\" class=\"wp-block-cover__image-background wp-image-177 size-full\" alt=\"\" src=\"https:\/\/desarrollo.redfortalece.cl\/wp-content\/uploads\/2025\/10\/Diseno-sin-titulo-24.png\" data-object-fit=\"cover\" srcset=\"https:\/\/redfortalece.cl\/wp-content\/uploads\/2025\/10\/Diseno-sin-titulo-24.png 400w, https:\/\/redfortalece.cl\/wp-content\/uploads\/2025\/10\/Diseno-sin-titulo-24-200x300.png 200w\" sizes=\"auto, (max-width: 400px) 100vw, 400px\" \/><span aria-hidden=\"true\" class=\"wp-block-cover__background has-primary-background-color has-background-dim-70 has-background-dim\"><\/span><div class=\"wp-block-cover__inner-container is-layout-flow wp-block-cover-is-layout-flow\">\n<h3 class=\"wp-block-heading has-white-color has-text-color has-medium-font-size\" style=\"margin-top:0;margin-right:0;margin-bottom:0;margin-left:0\"> <br>Dorapp<\/h3>\n\n\n\n<p>Comunidad para lideres y lideresas sociales<\/p>\n\n\n\n<p><strong>Acci\u00f3n Solidaria<\/strong><\/p>\n\n\n\n<p class=\"has-secondary-color has-text-color has-link-color wp-elements-b3fb329565ff4a94e8c7172d38f2866b\" style=\"margin-top:0;margin-right:0;margin-bottom:0;margin-left:0\"><a href=\"https:\/\/dorapp.cl\/\">Ver soluci\u00f3n<\/a><\/p>\n<\/div><\/div>\n\n\n\n<div class=\"wp-block-cover has-custom-content-position is-position-bottom-left\" style=\"padding-top:var(--wp--preset--spacing--small);padding-right:var(--wp--preset--spacing--x-small);padding-bottom:var(--wp--preset--spacing--small);padding-left:var(--wp--preset--spacing--x-small)\"><img loading=\"lazy\" decoding=\"async\" width=\"400\" height=\"600\" class=\"wp-block-cover__image-background wp-image-174 size-full\" alt=\"\" src=\"https:\/\/desarrollo.redfortalece.cl\/wp-content\/uploads\/2025\/10\/Diseno-sin-titulo-25.png\" data-object-fit=\"cover\" srcset=\"https:\/\/redfortalece.cl\/wp-content\/uploads\/2025\/10\/Diseno-sin-titulo-25.png 400w, https:\/\/redfortalece.cl\/wp-content\/uploads\/2025\/10\/Diseno-sin-titulo-25-200x300.png 200w\" sizes=\"auto, (max-width: 400px) 100vw, 400px\" \/><span aria-hidden=\"true\" class=\"wp-block-cover__background has-primary-background-color has-background-dim-70 has-background-dim\"><\/span><div class=\"wp-block-cover__inner-container is-layout-flow wp-block-cover-is-layout-flow\">\n<h3 class=\"wp-block-heading has-white-color has-text-color has-medium-font-size\" style=\"margin-top:0;margin-right:0;margin-bottom:0;margin-left:0\">Fecusocial.cl<\/h3>\n\n\n\n<p>Plataforma para realizar tu reporte FECU Social con facilidad<\/p>\n\n\n\n<p><strong>Comunidad Org. Solidarias<\/strong><\/p>\n\n\n\n<p class=\"has-secondary-color has-text-color has-link-color wp-elements-ffe63d50ab0102ed98ce8aeffef0bd38\" style=\"margin-top:0;margin-right:0;margin-bottom:0;margin-left:0\"><a href=\"https:\/\/fecusocial.comunidad-org.cl\/\">Ver soluci\u00f3n<\/a><\/p>\n<\/div><\/div>\n\n\n\n<div class=\"wp-block-cover has-custom-content-position is-position-bottom-left\" style=\"padding-top:var(--wp--preset--spacing--small);padding-right:var(--wp--preset--spacing--x-small);padding-bottom:var(--wp--preset--spacing--small);padding-left:var(--wp--preset--spacing--x-small)\"><img loading=\"lazy\" decoding=\"async\" width=\"400\" height=\"600\" class=\"wp-block-cover__image-background wp-image-176 size-full\" alt=\"\" src=\"https:\/\/desarrollo.redfortalece.cl\/wp-content\/uploads\/2025\/10\/Diseno-sin-titulo-23.png\" data-object-fit=\"cover\" srcset=\"https:\/\/redfortalece.cl\/wp-content\/uploads\/2025\/10\/Diseno-sin-titulo-23.png 400w, https:\/\/redfortalece.cl\/wp-content\/uploads\/2025\/10\/Diseno-sin-titulo-23-200x300.png 200w\" sizes=\"auto, (max-width: 400px) 100vw, 400px\" \/><span aria-hidden=\"true\" class=\"wp-block-cover__background has-primary-background-color has-background-dim-70 has-background-dim\"><\/span><div class=\"wp-block-cover__inner-container is-layout-flow wp-block-cover-is-layout-flow\">\n<h3 class=\"wp-block-heading has-white-color has-text-color has-medium-font-size\" style=\"margin-top:0;margin-right:0;margin-bottom:0;margin-left:0\">Consultor\u00edas para Organizaciones Sociales<\/h3>\n\n\n\n<p>Consultor\u00edas personalizadas para las necesidades de cada organizaci\u00f3n<\/p>\n\n\n\n<p><strong>Sim\u00f3n de Cirene <\/strong><\/p>\n\n\n\n<p class=\"has-secondary-color has-text-color has-link-color wp-elements-b8cf71a520a46f0044775f3695eec91f\" style=\"margin-top:0;margin-right:0;margin-bottom:0;margin-left:0\"><a href=\"https:\/\/simondecirene.cl\/proyectos\/consultoria-a-organizaciones-sin-fines-de-lucro\/\">Ver soluci\u00f3n<\/a><\/p>\n<\/div><\/div>\n<\/div>\n\n\n\n<div class=\"wp-block-column is-layout-flow wp-block-column-is-layout-flow\" style=\"padding-top:0;padding-right:0;padding-bottom:0;padding-left:0\">\n<div class=\"wp-block-cover has-custom-content-position is-position-bottom-left\" style=\"padding-top:var(--wp--preset--spacing--small);padding-right:var(--wp--preset--spacing--x-small);padding-bottom:var(--wp--preset--spacing--small);padding-left:var(--wp--preset--spacing--x-small)\"><img loading=\"lazy\" decoding=\"async\" width=\"400\" height=\"600\" class=\"wp-block-cover__image-background wp-image-174 size-full\" alt=\"\" src=\"https:\/\/desarrollo.redfortalece.cl\/wp-content\/uploads\/2025\/10\/Diseno-sin-titulo-25.png\" data-object-fit=\"cover\" srcset=\"https:\/\/redfortalece.cl\/wp-content\/uploads\/2025\/10\/Diseno-sin-titulo-25.png 400w, https:\/\/redfortalece.cl\/wp-content\/uploads\/2025\/10\/Diseno-sin-titulo-25-200x300.png 200w\" sizes=\"auto, (max-width: 400px) 100vw, 400px\" \/><span aria-hidden=\"true\" class=\"wp-block-cover__background has-primary-background-color has-background-dim-70 has-background-dim\"><\/span><div class=\"wp-block-cover__inner-container is-layout-flow wp-block-cover-is-layout-flow\">\n<h3 class=\"wp-block-heading has-white-color has-text-color has-medium-font-size\" style=\"margin-top:0;margin-right:0;margin-bottom:0;margin-left:0\">Programa Excelencia en Gesti\u00f3n<\/h3>\n\n\n\n<p>Autodiagn\u00f3stico y set de herramientas seguidos por mentor\u00edas direccionadas<\/p>\n\n\n\n<p><strong>Comunidad Org. Solidarias<\/strong><\/p>\n\n\n\n<p class=\"has-secondary-color has-text-color has-link-color wp-elements-8a072a6f317252da5b9ee8c242c78fbe\" style=\"margin-top:0;margin-right:0;margin-bottom:0;margin-left:0\"><a href=\"https:\/\/form.typeform.com\/to\/lJlX0ELA\" data-type=\"link\" data-id=\"https:\/\/form.typeform.com\/to\/lJlX0ELA\">Ver soluci\u00f3n<\/a><\/p>\n<\/div><\/div>\n\n\n\n<div class=\"wp-block-cover has-custom-content-position is-position-bottom-left\" style=\"padding-top:var(--wp--preset--spacing--small);padding-right:var(--wp--preset--spacing--x-small);padding-bottom:var(--wp--preset--spacing--small);padding-left:var(--wp--preset--spacing--x-small)\"><img loading=\"lazy\" decoding=\"async\" width=\"400\" height=\"600\" class=\"wp-block-cover__image-background wp-image-176 size-full\" alt=\"\" src=\"https:\/\/desarrollo.redfortalece.cl\/wp-content\/uploads\/2025\/10\/Diseno-sin-titulo-23.png\" data-object-fit=\"cover\" srcset=\"https:\/\/redfortalece.cl\/wp-content\/uploads\/2025\/10\/Diseno-sin-titulo-23.png 400w, https:\/\/redfortalece.cl\/wp-content\/uploads\/2025\/10\/Diseno-sin-titulo-23-200x300.png 200w\" sizes=\"auto, (max-width: 400px) 100vw, 400px\" \/><span aria-hidden=\"true\" class=\"wp-block-cover__background has-primary-background-color has-background-dim-70 has-background-dim\"><\/span><div class=\"wp-block-cover__inner-container is-layout-flow wp-block-cover-is-layout-flow\">\n<h3 class=\"wp-block-heading has-white-color has-text-color has-medium-font-size\" style=\"margin-top:0;margin-right:0;margin-bottom:0;margin-left:0\"><strong>Mentor\u00edas sociales<\/strong><\/h3>\n\n\n\n<p>Acompa\u00f1amientos personalizados que fortalecen el liderazgo y la gesti\u00f3n de las organizaciones sociales.<\/p>\n\n\n\n<p><strong>Sim\u00f3n de Cirene <\/strong><\/p>\n\n\n\n<p class=\"has-secondary-color has-text-color has-link-color wp-elements-8bfa105d003c387ae44c8b15b4ba6086\" style=\"margin-top:0;margin-right:0;margin-bottom:0;margin-left:0\"><a href=\"https:\/\/redmentores.simondecirene.cl\/\">Ver soluci\u00f3n<\/a><\/p>\n<\/div><\/div>\n\n\n\n<div class=\"wp-block-cover has-custom-content-position is-position-bottom-left\" style=\"padding-top:var(--wp--preset--spacing--small);padding-right:var(--wp--preset--spacing--x-small);padding-bottom:var(--wp--preset--spacing--small);padding-left:var(--wp--preset--spacing--x-small)\"><img loading=\"lazy\" decoding=\"async\" width=\"400\" height=\"600\" class=\"wp-block-cover__image-background wp-image-176 size-full\" alt=\"\" src=\"https:\/\/desarrollo.redfortalece.cl\/wp-content\/uploads\/2025\/10\/Diseno-sin-titulo-23.png\" data-object-fit=\"cover\" srcset=\"https:\/\/redfortalece.cl\/wp-content\/uploads\/2025\/10\/Diseno-sin-titulo-23.png 400w, https:\/\/redfortalece.cl\/wp-content\/uploads\/2025\/10\/Diseno-sin-titulo-23-200x300.png 200w\" sizes=\"auto, (max-width: 400px) 100vw, 400px\" \/><span aria-hidden=\"true\" class=\"wp-block-cover__background has-primary-background-color has-background-dim-70 has-background-dim\"><\/span><div class=\"wp-block-cover__inner-container is-layout-flow wp-block-cover-is-layout-flow\">\n<h3 class=\"wp-block-heading has-white-color has-text-color has-medium-font-size\" style=\"margin-top:0;margin-right:0;margin-bottom:0;margin-left:0\"><strong>Publicaciones<\/strong><\/h3>\n\n\n\n<p>Manuales pr\u00e1cticos para fortalecer tus conocimientos en gesti\u00f3n de tu organizaci\u00f3n social<\/p>\n\n\n\n<p><strong>Sim\u00f3n de Cirene <\/strong><\/p>\n\n\n\n<p class=\"has-secondary-color has-text-color has-link-color wp-elements-d0097ae4a18e66ffafb9bb352f3f87cd\" style=\"margin-top:0;margin-right:0;margin-bottom:0;margin-left:0\"><a href=\"https:\/\/simondecirene.cl\/proyectos\/consultoria-a-organizaciones-sin-fines-de-lucro\/\">Ver <\/a><a href=\"https:\/\/simondecirene.cl\/manuales\/\">soluci\u00f3n<\/a><\/p>\n<\/div><\/div>\n<\/div>\n<\/div>\n\n\n\n<div class=\"wp-block-columns is-layout-flex wp-container-core-columns-is-layout-28f84493 wp-block-columns-is-layout-flex\">\n<div class=\"wp-block-column is-layout-flow wp-block-column-is-layout-flow\" style=\"padding-top:0;padding-right:0;padding-bottom:0;padding-left:0\"><\/div>\n\n\n\n<div class=\"wp-block-column is-layout-flow wp-block-column-is-layout-flow\" style=\"padding-top:0;padding-right:0;padding-bottom:0;padding-left:0\"><\/div>\n\n\n\n<div class=\"wp-block-column is-layout-flow wp-block-column-is-layout-flow\" style=\"padding-top:0;padding-right:0;padding-bottom:0;padding-left:0\"><\/div>\n<\/div>\n\n\n\n<div style=\"height:103px\" aria-hidden=\"true\" class=\"wp-block-spacer\"><\/div>\n<\/div>\n\n\n\n<div style=\"height:0px\" aria-hidden=\"true\" class=\"wp-block-spacer\"><\/div>\n","protected":false},"excerpt":{"rendered":"<p>La importancia de fortalecer tu organizaci\u00f3n Fortalecer una organizaci\u00f3n social es fundamental para asegurar su sostenibilidad, aumentar su impacto y generar confianza en su entorno.Una instituci\u00f3n s\u00f3lida no solo gestiona mejor sus recursos y proyectos, sino que tambi\u00e9n se adapta con mayor facilidad a los cambios del contexto social, econ\u00f3mico y pol\u00edtico. Invertir en capacidades &hellip; <\/p>\n<p class=\"link-more\"><a href=\"https:\/\/redfortalece.cl\/index.php\/acerca-de\/herramientas-de-la-red\/\" class=\"more-link\">Leer m\u00e1s<span class=\"screen-reader-text\"> \u201cHerramientas de la Red\u201d<\/span><\/a><\/p>\n","protected":false},"author":1,"featured_media":0,"parent":15,"menu_order":0,"comment_status":"closed","ping_status":"closed","template":"","meta":{"footnotes":""},"class_list":["post-156","page","type-page","status-publish","hentry"],"_links":{"self":[{"href":"https:\/\/redfortalece.cl\/index.php\/wp-json\/wp\/v2\/pages\/156","targetHints":{"allow":["GET"]}}],"collection":[{"href":"https:\/\/redfortalece.cl\/index.php\/wp-json\/wp\/v2\/pages"}],"about":[{"href":"https:\/\/redfortalece.cl\/index.php\/wp-json\/wp\/v2\/types\/page"}],"author":[{"embeddable":true,"href":"https:\/\/redfortalece.cl\/index.php\/wp-json\/wp\/v2\/users\/1"}],"replies":[{"embeddable":true,"href":"https:\/\/redfortalece.cl\/index.php\/wp-json\/wp\/v2\/comments?post=156"}],"version-history":[{"count":28,"href":"https:\/\/redfortalece.cl\/index.php\/wp-json\/wp\/v2\/pages\/156\/revisions"}],"predecessor-version":[{"id":222,"href":"https:\/\/redfortalece.cl\/index.php\/wp-json\/wp\/v2\/pages\/156\/revisions\/222"}],"up":[{"embeddable":true,"href":"https:\/\/redfortalece.cl\/index.php\/wp-json\/wp\/v2\/pages\/15"}],"wp:attachment":[{"href":"https:\/\/redfortalece.cl\/index.php\/wp-json\/wp\/v2\/media?parent=156"}],"curies":[{"name":"wp","href":"https:\/\/api.w.org\/{rel}","templated":true}]}}